{"id":4,"date":"2016-04-16T13:52:06","date_gmt":"2016-04-16T13:52:06","guid":{"rendered":"http:\/\/atleticaaviano.maso.it\/?page_id=4"},"modified":"2026-02-27T09:40:54","modified_gmt":"2026-02-27T08:40:54","slug":"chi-siamo","status":"publish","type":"page","link":"https:\/\/www.atleticaaviano.it\/index.php\/chi-siamo\/","title":{"rendered":"Chi siamo"},"content":{"rendered":"<h5><span style=\"color: #003399; font-family: Verdana; font-size: xx-large;\"><img loading=\"lazy\" decoding=\"async\" class=\"alignnone size-medium wp-image-45\" src=\"http:\/\/atleticaaviano.maso.it\/wp-content\/uploads\/2016\/04\/AtleticaAviano-logo-300x155.jpg\" alt=\"AtleticaAviano (logo)\" width=\"300\" height=\"155\" srcset=\"https:\/\/www.atleticaaviano.it\/wp-content\/uploads\/2016\/04\/AtleticaAviano-logo-300x155.jpg 300w, https:\/\/www.atleticaaviano.it\/wp-content\/uploads\/2016\/04\/AtleticaAviano-logo-768x397.jpg 768w, https:\/\/www.atleticaaviano.it\/wp-content\/uploads\/2016\/04\/AtleticaAviano-logo-1024x529.jpg 1024w, https:\/\/www.atleticaaviano.it\/wp-content\/uploads\/2016\/04\/AtleticaAviano-logo.jpg 1522w\" sizes=\"(max-width: 300px) 100vw, 300px\" \/><br \/>ASD ATLETICA AVIANO&#8230;<\/span><\/h5>\n<h5><strong>Cenni Storici<\/strong><\/h5>\n<h5>L&#8217;Atletica Aviano \u00e8 un&#8217;Associazione Sportiva fondata nel 2003.<\/h5>\n<h5>L&#8217;associazione st\u00e0 sempre pi\u00f9 crescendo, gi\u00e0 superata i 120 soci di cui oltre 100 attivit\u00e0 agonistica. Grazie ai numerosi atleti, ed in particolare al settore femminile, l&#8217;associazione \u00e8 conosciuta in tutto il territorio nazionale.<\/h5>\n<p>-&gt; L&#8217;Associazione Svolge Attivit\u00e0 per settore Giovanile Promozionale con allenamenti settimanali<\/p>\n<p>-&gt; L&#8217;Associazione Svolge Attivit\u00e0 per settore Adulti\/Agonistico per tutte le et\u00e0 con partecipazione a campionati ed eventi podistici.<\/p>\n<p>-&gt; L&#8217;Associazione Organizza Manifestazioni sportiva, prettamente nel territorio comunale e nell&#8217;Area Turistica di Piancavallo<\/p>\n<p><span style=\"text-decoration: underline;\"> <strong>TESSERATI FIDAL:<\/strong> <\/span> <a href=\"http:\/\/www.fidal.it\/societa\/Atletica-Aviano\/PN527\">http:\/\/www.fidal.it\/societa\/Atletica-Aviano\/PN527<\/a><\/p>\n<p><a href=\"http:\/\/www.atleticaaviano.it\/wp-content\/uploads\/2016\/04\/AtleticaAviano_AdesioneSocio_MODULOVUOTO_2017.pdf\">AtleticaAviano_AdesioneSocio_MODULOVUOTO_2017<\/a><\/p>\n<h3><span style=\"text-decoration: underline;\"><strong>Attivit\u00e0 Organizzativa<\/strong><\/span><\/h3>\n<h5>&#8211; 2005\/2006 Organizzazione &#8220;Giro Podistico Citt\u00e0 di Aviano&#8221;; dal 2007 denominato &#8220;Aviano in Corsa&#8221; giunto nel 2015 alla 11^ edizione (10 anni in centro ad Aviano, poi, rotazione delle frazioni)<\/h5>\n<h5>&#8211; 08 luglio 2007 Piancavallo<\/h5>\n<h5>Campionato Italiano Master di Corsa in Montagna<\/h5>\n<h5>&#8211; 20 luglio 2008 Santuario Madonna del Monte<\/h5>\n<h5>Campionato Regionale Master di Corsa in Montagna<\/h5>\n<h5>Dal 2009 all&#8217;interno del trofeo &#8220;Corri la Montagna&#8221;<\/h5>\n<h5>&#8211; 10 luglio 2011 Piancavallo<\/h5>\n<h5>Campionato Italiano Master di Corsa in Montagna<\/h5>\n<h5>&#8211; 24 giugno 2012 &#8211; 23 giugno 2013 &#8211; 29 giugno 2014 &#8211; 28 giugno 2015 Piancavallo<\/h5>\n<h5>10 Miglia Internazionale Aviano Piancavallo<\/h5>\n<h5>&#8211; 2014\/15 Aviano Visinai<\/h5>\n<h5>Organizzazzione Cross della Pedemontana<\/h5>\n<h5>&#8211; 2014\/15 1^ Bibione \u00e8 sorprendente Run (Internazionale Fidal)<\/h5>\n<h5>CURRICULUM DELL&#8217;ATTIVITA&#8217; SVOLTA al 24\/11\/2015<\/h5>\n<h5><strong>Attivit\u00e0 Straordinaria<\/strong><\/h5>\n<h5>&#8211; Coordinamento Friuli Venezia Giulia);<\/h5>\n<h5>Motta di Livenza \u2013 Aviano organizzativo passaggio del progetto &#8220;ItaliaxCorsa per Unicef&#8221; ottobre 2006 (con 4 tappe in Villa Manin \u2013 Gemona del Friuli<\/h5>\n<h5>Udine \u2013 Gorizia Diga del Vajont \u2013 Vajont<\/h5>\n<h5>&#8211; Realizzazione e manutenzione del &#8220;Percorso circolare Permanente Santuario Madonna del Monte&#8221; realizzato dalla presente associazione per creare un tracciato segna-lato ed aperto tutto l&#8217;anno come punto di ritrovo per allenamenti collettivi ed iniziative.<\/h5>\n<h5><strong>Risultati Agonistici Societari (in ordine progressivo)<\/strong><\/h5>\n<h5>&#8211; Titolo Naz. Master Femminile di Corsa in Montagna 2006 (Mezzoldo BG)<\/h5>\n<h5>&#8211; Super Coppa Amatori\/Master 2006-2008 Femminile FVG<\/h5>\n<h5>&#8211; Bronzo Naz. Master Femminile di Campestre 2007 (Torino)<\/h5>\n<h5>&#8211; Titolo Naz. Maestro Femminile di Corsa in Montagna 2007 (Piancavallo)<\/h5>\n<h5>&#8211; Titolo Naz. Master Femminile di Mezza Maratona 2007 (Vigarano M. FE)<\/h5>\n<h5>&#8211; Coppa Provincia di Pordenone 2007\/2008 Femminile<\/h5>\n<h5>&#8211; Titolo Naz. Maestro Femminile di Corsa in Montagna 2008 (Pian del Frais)<\/h5>\n<h5>&#8211; Argento Naz. Master Femminile di Mezza Maratona 2008 (Riva del Garda)<\/h5>\n<h5>&#8211; Titolo Naz. Maestro Femminile di Corsa in Montagna 2009 (Adrara S. Martino)<\/h5>\n<h5>&#8211; Argento Super Coppa Non Stadia Master Femminile Nazionale 2009<\/h5>\n<h5>&#8211; Argento Naz. Master Femminile Corsa su Strada 10 Km Strada 2009 (Beinasco)<\/h5>\n<h5>&#8211; Argento Naz. Master Femminile Corsa su Strada Maratonina 2009 (Pavia)<\/h5>\n<h5>&#8211; Bronzo Naz. Master Femminile Corsa Campestre 2009 (Fiumicino)<\/h5>\n<h5>&#8211; Argento Naz. Master Femminile di Corsa in Montagna 2010 (S.Giacomo B &#8211; TN)<\/h5>\n<h5>&#8211; Argento Naz. Maestro Femminile di Corsa in Montagna 2011 (Piancavallo)<\/h5>\n<h5>&#8211; Argento Naz. Master Femminile Corsa Campestre 2012 (Polpenazze)<\/h5>\n<h5>&#8211; Titolo Naz. Maestro Femminile di Corsa in Montagna 2012 (Tonezza del Cimone)<\/h5>\n<h5>&#8211; Bronzo Naz. Master Femminile Corsa Campestre 2013 (Monza)<\/h5>\n<h5>&#8211; Titolo Naz. Maestro Femminile di Corsa in Montagna 2013 (Adrara San Martino)<\/h5>\n<h5>&#8211; Bronzo Naz. Master Femminile Corsa su Strada 2013 (Feltre)<\/h5>\n<h5>&#8211; Titolo Naz. Maestro Femminile Corsa in Montagna 2014 (Adrara San martino)<\/h5>\n<h5><strong>&#8211; Argento Naz. Master Femminile Corsa su Strada 2015 (Chieti)<\/strong><\/h5>\n<h5><strong>&#8211; Titolo Naz. Maestro Femminile Corsa in montagna 2015 (Gaiano del Capo)<\/strong><\/h5>\n<h5><strong>&#8211; Titolo Naz. Master Femminile Mezza Maratona 2015 (Arezzo)<\/strong><\/h5>\n<h5><strong><u>&#8211; squadra campione nazionale Master Femminile NON STADIA 2015 (Fine Stagione)<\/u><\/strong><\/h5>\n<h5><b><span style=\"font-size: 8.0pt; font-family: 'Courier New';\"><span style=\"color: #000000;\">Risultati Agonistici Individuali<\/span><\/span><\/b><\/h5>\n<h5><span style=\"font-size: 8.0pt; font-family: 'Courier New';\"><span style=\"color: #000000;\">&#8211; Argento settore Giovanile Campionati Italiani 80m 2008<\/span><\/span><\/h5>\n<h5><span style=\"font-size: 8.0pt; font-family: 'Courier New';\"><span style=\"color: #000000;\">&#8211; oro settore Giovanile Campionati Italiani 80m 2009<\/span><\/span><\/h5>\n<h5><span style=\"font-size: 8.0pt; font-family: 'Courier New';\"><span style=\"color: #000000;\">&#8211; Titoli Nazionali individuali di Categoria Master:<\/span><\/span><\/h5>\n<h5><span style=\"font-size: 8.0pt; font-family: 'Courier New';\"><span style=\"color: #000000;\">2\/2008 \u2013 9\/2009 \u2013 5\/2010 \u2013 6\/2012 \u2013 17\/2014 &#8211; 16\/2015<\/span><\/span><\/h5>\n<h5><span style=\"font-size: 8.0pt; font-family: 'Courier New';\"><span style=\"color: #000000;\">&#8211; Titoli Europei individuali di Categoria Master: 2\/2010 Montagna \u2013 1\/2015 Non Stadia<\/span><\/span><\/h5>\n<h5><span style=\"font-size: 8.0pt; font-family: 'Courier New';\"><span style=\"color: #000000;\">&#8211; componente squadra campione del mondo Corsa in Montagna Master: 1\/2009 \u2013 2\/2011<\/span><\/span><\/h5>\n<h5><span style=\"font-size: 8.0pt; font-family: 'Courier New';\"><span style=\"color: #000000;\">&#8211; componente squadra campione europea Corsa in Montagna Master: 1\/2010<\/span><\/span><\/h5>\n<h5><b><span style=\"font-size: 8.0pt; font-family: 'Courier New';\"><span style=\"color: #000000;\">Risultati Agonistici Diversamente Abili<\/span><\/span><\/b><\/h5>\n<h5><span style=\"font-size: 8.0pt; font-family: 'Courier New';\"><span style=\"color: #000000;\">&#8211; Campionato del Mondo &#8220;Special Olimpics&#8221; 2007<\/span><\/span><\/h5>\n<h5><span style=\"font-size: 8.0pt; font-family: 'Courier New';\"><span style=\"color: #000000;\">Maurizio Dal Bello Campione del Mondo di Maratona<\/span><\/span><\/h5>\n<h4><strong><u>SAFEGUARDING<\/u><\/strong><\/h4>\n<pre><a href=\"https:\/\/www.fidal.it\/content\/Safeguarding\/158364\">https:\/\/www.fidal.it\/content\/Safeguarding\/158364<\/a><\/pre>\n<p>Modello organizzativo e di controllo dell&#8217;attivit\u00e0 sportiva ed il Codice di condotta a tutela dei minori e per la prevenzione delle molestie, della violenza di genere e di ogni altra condizione di discriminazione.<\/p>\n<p><a href=\"https:\/\/www.atleticaaviano.it\/wp-content\/uploads\/2024\/12\/ATLETICA-AVAINO-Modello-organizzativo-GENERALE-20241218.pdf\">ATLETICA AVAINO &#8211; Modello organizzativo GENERALE (20241218)<\/a><\/p>\n<p><a href=\"https:\/\/www.atleticaaviano.it\/wp-content\/uploads\/2024\/12\/ATLETICA-AVIANO-CODICE-DI-CONDOTTA-20241218.pdf\">ATLETICA AVIANO &#8211; CODICE DI CONDOTTA (20241218)<\/a><\/p>\n<p>Responsabile contro abusi, violenze e discriminazioni: MUTTON MARINA 339 172 3111 marinamutton_at_gmail.com<\/p>\n<hr \/>\n<p><strong><u>ENTI PUBBLICI CHE HANNO CORRISPOSTO CONTRIBUTI ISTITUZIONALI NEL 2018<\/u><\/strong><\/p>\n<p>Entro il <strong>28 febbraio<\/strong> p.v. scade il termine per adempiere all&#8217;obbligo &#8211; introdotto dall&#8217;art. <u><\/u> 1, commi 125-127, della legge n. 124\/2017 &#8211; di pubblicare annualmente nel proprio sito o portale digitale le informazioni relative alle sovvenzioni, ai contributi, agli incarichi retribuiti e ai vantaggi economici di genere ricevuti da pubbliche amministrazioni nell&#8217;anno precedente per un importo complessivo <strong>pari o superiore a 10.000 euro.<\/strong><\/p>\n<p>Come specificato nella <a href=\"http:\/\/www.regione.fvg.it\/rafvg\/export\/sites\/default\/RAFVG\/cultura-sport\/solidarieta\/FOGLIA100\/allegati\/Circolare-Ministeriale-n-2-del-11_01.2019.pdf\"> <u>ministeriale Circolare n. 2\/2019<\/u> <\/a> vanno pubblicati:<\/p>\n<ol>\n<li>denominazione e codice fiscale del soggetto ricevente; b. denominazione del soggetto erogante; c. somma incassata (per ogni singolo rapporto giuridico sottostante); d. dati di incasso; e. causale.<\/li>\n<\/ol>\n<p>A.S.D. ATLETICA AVIANO ANNO 2018 &#8211; <a href=\"http:\/\/www.atleticaaviano.it\/wp-content\/uploads\/2016\/04\/AtleticaAviano2018_certificazioniContabili_dichiarazioneentipubbliciincassi.pdf\">AtleticaAviano2018_certificazioniContabili_dichiarazioneentipubbliciincassi<\/a> A.S.D. ATLETICA AVIANO ANNO 2019 &#8211;<a href=\"http:\/\/www.atleticaaviano.it\/wp-content\/uploads\/2016\/04\/AtleticaAviano2019_certificazioniContabili_dichiarazioneentipubbliciincassi.pdf\">AtleticaAviano2019_certificazioniContabili_dichiarazioneentipubbliciincassi<\/a> A.S.D. ATLETICA AVIANO ANNO 2020 &#8211; <a href=\"http:\/\/www.atleticaaviano.it\/wp-content\/uploads\/2021\/02\/AtleticaAviano2020_certificazioniContabili_dichiarazioneentipubbliciincassi.pdf\">AtleticaAviano2020_certificazioniContabili_dichiarazioneentipubbliciincassi<\/a><br \/>A.S.D. ATLETICA AVIANO ANNO 2021 &#8211;<br \/><a href=\"http:\/\/www.atleticaaviano.it\/wp-content\/uploads\/2022\/02\/AtleticaAviano2021_certificazioniContabili_dichiarazioneentipubbliciincassi_Estrattoweb.pdf\"> AtleticaAviano2021_certificazioniContabili_ dichiarazioneentipubbliciincassi<\/a> <br \/>A.S.D. ATLETICA AVIANO ANNO 2022 &#8211;<br \/><a href=\"http:\/\/www.atleticaaviano.it\/wp-content\/uploads\/2023\/02\/AtleticaAviano2022_certificazioniContabili_dichiarazioneentipubbliciincassi_Estrattoweb.pdf\">AtleticaAviano2022_certificazioniContabili_dichiarazioneentipubbliciincassi<\/a><br \/>A.S.D. ATLETICA AVIANO ANNO 2023 &#8211;\u00a0<br \/><a href=\"http:\/\/www.atleticaaviano.it\/wp-content\/uploads\/2024\/02\/AtleticaAviano2023_certificazioniContabili_dichiarazioneentipubbliciincassi_Estrattoweb.pdf\">AtleticaAviano2023_certificazioniContabili_dichiarazioneentipubbliciincassi<\/a><br \/>A.S.D. ATLETICA AVIANO ANNO 2024 &#8211;\u00a0<br \/><a href=\"https:\/\/www.atleticaaviano.it\/wp-content\/uploads\/2025\/01\/AtleticaAviano2024_certificazioniContabili_dichiarazioneentipubbliciincassi_Estrattoweb.pdf\">AtleticaAviano2024_certificazioniContabili_dichiarazioneentipubbliciincassi<\/a><br \/>A.S.D. ATLETICA AVIANO ANNO 2025 &#8211;\u00a0<br \/><a href=\"https:\/\/www.atleticaaviano.it\/wp-content\/uploads\/2026\/02\/AtleticaAviano2025_certificazioniContabili_dichiarazioneentipubbliciincassi.pdf\">AtleticaAviano2025_certificazioniContabili_dichiarazioneentipubbliciincassi<\/a><\/p>\n\n\n<p><\/p>\n","protected":false},"excerpt":{"rendered":"<p>ASD ATLETICA AVIANO&#8230; Cenni Storici L&#8217;Atletica Aviano \u00e8 un&#8217;Associazione Sportiva fondata nel 2003. L&#8217;associazione st\u00e0 sempre pi\u00f9 crescendo, gi\u00e0 superata[&#8230;]<\/p>\n","protected":false},"author":1,"featured_media":0,"parent":0,"menu_order":0,"comment_status":"closed","ping_status":"closed","template":"","meta":{"footnotes":""},"_links":{"self":[{"href":"https:\/\/www.atleticaaviano.it\/index.php\/wp-json\/wp\/v2\/pages\/4"}],"collection":[{"href":"https:\/\/www.atleticaaviano.it\/index.php\/wp-json\/wp\/v2\/pages"}],"about":[{"href":"https:\/\/www.atleticaaviano.it\/index.php\/wp-json\/wp\/v2\/types\/page"}],"author":[{"embeddable":true,"href":"https:\/\/www.atleticaaviano.it\/index.php\/wp-json\/wp\/v2\/users\/1"}],"replies":[{"embeddable":true,"href":"https:\/\/www.atleticaaviano.it\/index.php\/wp-json\/wp\/v2\/comments?post=4"}],"version-history":[{"count":31,"href":"https:\/\/www.atleticaaviano.it\/index.php\/wp-json\/wp\/v2\/pages\/4\/revisions"}],"predecessor-version":[{"id":791,"href":"https:\/\/www.atleticaaviano.it\/index.php\/wp-json\/wp\/v2\/pages\/4\/revisions\/791"}],"wp:attachment":[{"href":"https:\/\/www.atleticaaviano.it\/index.php\/wp-json\/wp\/v2\/media?parent=4"}],"curies":[{"name":"wp","href":"https:\/\/api.w.org\/{rel}","templated":true}]}}