{"id":59,"date":"2016-04-17T20:06:58","date_gmt":"2016-04-17T19:06:58","guid":{"rendered":"http:\/\/atleticaaviano.maso.it\/?page_id=59"},"modified":"2024-02-20T18:37:15","modified_gmt":"2024-02-20T17:37:15","slug":"atletica-giovanile","status":"publish","type":"page","link":"https:\/\/www.atleticaaviano.it\/index.php\/atletica-giovanile\/","title":{"rendered":"Atletica Giovanile"},"content":{"rendered":"<p><a href=\"http:\/\/atleticaaviano.maso.it\/wp-content\/uploads\/2016\/04\/Immagine.bmp\"><img loading=\"lazy\" decoding=\"async\" class=\"alignnone wp-image-60\" src=\"http:\/\/atleticaaviano.maso.it\/wp-content\/uploads\/2016\/04\/Immagine-300x200.bmp\" alt=\"ATLETICA AVIANO GIOVANILE\" width=\"263\" height=\"175\" srcset=\"https:\/\/www.atleticaaviano.it\/wp-content\/uploads\/2016\/04\/Immagine-300x200.bmp 300w, https:\/\/www.atleticaaviano.it\/wp-content\/uploads\/2016\/04\/Immagine-768x512.bmp 768w, https:\/\/www.atleticaaviano.it\/wp-content\/uploads\/2016\/04\/Immagine-1024x683.bmp 1024w, https:\/\/www.atleticaaviano.it\/wp-content\/uploads\/2016\/04\/Immagine-177x118.bmp 177w, https:\/\/www.atleticaaviano.it\/wp-content\/uploads\/2016\/04\/Immagine.bmp 1602w\" sizes=\"(max-width: 263px) 100vw, 263px\" \/><\/a><img loading=\"lazy\" decoding=\"async\" class=\"alignnone wp-image-45\" src=\"http:\/\/atleticaaviano.maso.it\/wp-content\/uploads\/2016\/04\/AtleticaAviano-logo-300x155.jpg\" alt=\"AtleticaAviano (logo)\" width=\"339\" height=\"175\" srcset=\"https:\/\/www.atleticaaviano.it\/wp-content\/uploads\/2016\/04\/AtleticaAviano-logo-300x155.jpg 300w, https:\/\/www.atleticaaviano.it\/wp-content\/uploads\/2016\/04\/AtleticaAviano-logo-768x397.jpg 768w, https:\/\/www.atleticaaviano.it\/wp-content\/uploads\/2016\/04\/AtleticaAviano-logo-1024x529.jpg 1024w, https:\/\/www.atleticaaviano.it\/wp-content\/uploads\/2016\/04\/AtleticaAviano-logo.jpg 1522w\" sizes=\"(max-width: 339px) 100vw, 339px\" \/><img loading=\"lazy\" decoding=\"async\" class=\"alignnone wp-image-61\" src=\"http:\/\/atleticaaviano.maso.it\/wp-content\/uploads\/2016\/04\/ATLETICAVIANOGIOVANICASTELLO-300x225.jpg\" alt=\"ATLETICAVIANOGIOVANICASTELLO\" width=\"233\" height=\"175\" srcset=\"https:\/\/www.atleticaaviano.it\/wp-content\/uploads\/2016\/04\/ATLETICAVIANOGIOVANICASTELLO-300x225.jpg 300w, https:\/\/www.atleticaaviano.it\/wp-content\/uploads\/2016\/04\/ATLETICAVIANOGIOVANICASTELLO-768x576.jpg 768w, https:\/\/www.atleticaaviano.it\/wp-content\/uploads\/2016\/04\/ATLETICAVIANOGIOVANICASTELLO-1024x768.jpg 1024w, https:\/\/www.atleticaaviano.it\/wp-content\/uploads\/2016\/04\/ATLETICAVIANOGIOVANICASTELLO.jpg 1152w\" sizes=\"(max-width: 233px) 100vw, 233px\" \/><\/p>\n<p><span style=\"color: #000080;\"> <strong>A.S.D. ATLETICA AVIANO \/ SETTORE GIOVANILE PROMOZIONALE<\/strong><\/span><br \/>\n<strong>D<\/strong><strong>OVE<\/strong><br \/>\n: NUOVO IMPIANTO DI ATLETICA LEGGERA via STRETTA<br \/>\n<strong>GIORNI<\/strong>: LUNEDI&#8217; \/ MERCOLEDI&#8217; \/ VENERDI&#8217; ore 17.00\/18.00<br \/>\n<strong> <span style=\"color: #ff0000;\">CORRERE-SALTARE- LANCIARE NELL&#8217;ATLETICA NON C&#8217;E&#8217; LA PANCHINA<\/span> <\/strong><\/p>\n<p><span style=\"color: #000080;\"> <strong>FINALITA&#8217; DEL CORSO<\/strong><\/span><br \/>\nLo scopo del corso \u00e8 creare le basi per poter svolgere la maggior parte delle discipline dell&#8217; atletica leggera. L&#8217; Atletica Leggera, chiamata la Regina degli sport, \u00e8 uno sport completo che permette di partecipare a manifestazioni di corsa veloce o di resistenza, di saltare in lungo o in alto o lanciare un&#8217; attrezzo come il vortex.<br \/>\nScopo del corso \u00e8 preparare i giovani alle diverse attivit\u00e0 ed il fine ultimo \u00e8 partecipare anche alle diverse manifestazioni di atletica leggera, dalle gare indoor a Pordenone o nel periodo &#8220;estivo&#8221; nelle diverse piste della provincia e zone limitrofe oppure nelle strade come in occasione dell&#8217; Aviano In Corsa.<br \/>\nIl principale scopo non \u00e8 vincere, ma, con i propri allenamenti, migliorarsi.<br \/>\nCon questi principi non c&#8217;\u00e8 la Panchina, ovvero tutti i tesserati, se adeguatamente preparati, parteciperanno alle diverse attivit\u00e0 ottenendo dei risultati che, una volta migliorati, insegnano che con il lavoro e la preparazione ci si pu\u00f2 migliorare. Meglio quindi un lancio pi\u00f9 lungo ma ultimi in una gara che primi con un lancio corto.<br \/>\nE se il giovane si impegna, perch\u00e9 no, conquistare la possibilit\u00e0 di far parte della rappresentativa provinciale o regionale ai diversi trofei previsti oppure, partecipando nelle gare su strada, per gli atleti che si classificano un gradito omaggio.<\/p>\n<p><strong>-&gt; COMUNICAZIONI:<br \/>\n<\/strong>: OTTOBRE 2021: lettera<\/p>\n<h3><span style=\"text-decoration: underline;\">-&gt; VISITE <strong>MEDICO SPORTIVE DAL 21\/12\/2016<\/strong><\/span><br \/>\n<a href=\"http:\/\/www.atleticaaviano.it\/wp-content\/uploads\/2016\/04\/1-avvertenze-cup-per-presidente.pdf\">1 &#8211; PROCEDURA PER PRENOTARE LA VISITA\/AVVERTENZE<\/a><br \/>\n<a href=\"http:\/\/www.atleticaaviano.it\/wp-content\/uploads\/2016\/04\/2-RICHIESTA-PRESIDENTI-SOCIETA.pdf\">2 &#8211; RICHIESTA PRESIDENTI SOCIETA<\/a><br \/>\n<a href=\"http:\/\/www.atleticaaviano.it\/wp-content\/uploads\/2016\/04\/3-modulo_delega.pdf\">3 &#8211; MODULO DELEGA SE IL MINORE NON E&#8217; ACCOMPAGNATO DAL GENITORE<\/a><br \/>\n<a href=\"http:\/\/www.atleticaaviano.it\/wp-content\/uploads\/2016\/04\/4-modulo_consenso_informato.pdf\">4 &#8211; MODULO VALUTAZIONE CLINICA DA CONSEGNARE ALL&#8217;ATTO DELLA VISITA<\/a><br \/>\n<a href=\"http:\/\/www.atleticaaviano.it\/wp-content\/uploads\/2016\/04\/5-modulo_privacy.pdf\">5 &#8211; MODULO PRIVACY DA CONSEGNARE ALL&#8217;ATTO DELLA VISITA<\/a><\/h3>\n<div><strong>ACCESSO AL CORSO:<\/strong><\/p>\n<p>Ad ogni giovane \u00e8 data la possibilit\u00e0 di fare tre sedute di prova (con la presenza dei genitori), se si continua il corso \u00e8 richiesta l&#8217;iscrizione all&#8217;associazione Il corso \u00e8 previsto dalle 17.30 alle 18.30 c\/o scuole medie di Aviano durante l&#8217;anno scolastico e successivamente presso il relativo campo di atletica adiacente (Calendario da richiedere in occasione del corso); Si informa che l&#8217;accesso in palestra deve avvenire con scarpe da ginnastica rigorosamente pulite.<br \/>\nE&#8217; gradita una comunicazione telefonica per l&#8217; eventuale assenza agli allenamenti previsti.<\/p>\n<\/div>\n<p><em> <u>Le quote sono deducibili se versate direttamente nel conto dell&#8217; Associazione:<\/u><\/em><br \/>\n<em><u>Conto Corrente IT 28 U 08356 64770 000000011734 Presso Banca di Credito Cooperativo Pordenonese filiale di Aviano (PN) intestato a: ATLETICA AVIANO ASSOCIAZIONE SPORTIVA DILETTANTISTICA<\/u> <\/em><\/p>\n<p><b>GRADUATORIE\/LISTE:<\/b><\/p>\n<ul>\n<li><a href=\"http:\/\/atleticaaviano.maso.it\/wp-content\/uploads\/2016\/04\/AtleticaAviano_statistiche_pista_2004-2013_AllTime.pdf\">AtleticaAviano_statistiche_pista_2004 2013_AllTime<\/a><\/li>\n<li><a href=\"http:\/\/atleticaaviano.maso.it\/wp-content\/uploads\/2016\/04\/AtleticaAviano_statistiche_pista_2014.pdf\">AtleticaAviano_statistiche_pista_2014<\/a><\/li>\n<li><a href=\"http:\/\/atleticaaviano.maso.it\/wp-content\/uploads\/2016\/04\/AtleticaAviano_statistiche_pista_2015.pdf\">AtleticaAviano_statistiche_pista_2015<\/a><\/li>\n<li><a href=\"http:\/\/atleticaaviano.maso.it\/wp-content\/uploads\/2016\/04\/AtleticaAviano_statistiche_pista_2004-2015_AllTime.pdf\">AtleticaAviano_statistiche_pista_2004 2015_AllTime<\/a><\/li>\n<\/ul>\n<p><strong>INFORMAZIONI:<\/strong><br \/>\nASD ATLETICA AVIANO 0434<br \/>\n652212 MAURA PERIN 338 7738962<br \/>\nMATTEO REDOLFI 338 349 5617043<\/p>\n<p><img loading=\"lazy\" decoding=\"async\" class=\"alignnone size-medium wp-image-512\" src=\"http:\/\/atleticaaviano.maso.it\/wp-content\/uploads\/2016\/05\/IMG_7672-300x200.jpg\" alt=\"IMG_7672\" width=\"300\" height=\"200\" srcset=\"https:\/\/www.atleticaaviano.it\/wp-content\/uploads\/2016\/05\/IMG_7672-300x200.jpg 300w, https:\/\/www.atleticaaviano.it\/wp-content\/uploads\/2016\/05\/IMG_7672-768x512.jpg 768w, https:\/\/www.atleticaaviano.it\/wp-content\/uploads\/2016\/05\/IMG_7672-1024x683.jpg 1024w, https:\/\/www.atleticaaviano.it\/wp-content\/uploads\/2016\/05\/IMG_7672-177x118.jpg 177w\" sizes=\"(max-width: 300px) 100vw, 300px\" \/><img loading=\"lazy\" decoding=\"async\" class=\"alignnone size-medium wp-image-514\" src=\"http:\/\/atleticaaviano.maso.it\/wp-content\/uploads\/2016\/05\/IMG_7675-300x200.jpg\" alt=\"IMG_7675\" width=\"300\" height=\"200\" srcset=\"https:\/\/www.atleticaaviano.it\/wp-content\/uploads\/2016\/05\/IMG_7675-300x200.jpg 300w, https:\/\/www.atleticaaviano.it\/wp-content\/uploads\/2016\/05\/IMG_7675-768x512.jpg 768w, https:\/\/www.atleticaaviano.it\/wp-content\/uploads\/2016\/05\/IMG_7675-1024x683.jpg 1024w, https:\/\/www.atleticaaviano.it\/wp-content\/uploads\/2016\/05\/IMG_7675-177x118.jpg 177w\" sizes=\"(max-width: 300px) 100vw, 300px\" \/><img loading=\"lazy\" decoding=\"async\" class=\"alignnone size-medium wp-image-505\" src=\"http:\/\/atleticaaviano.maso.it\/wp-content\/uploads\/2016\/05\/IMG_7665-300x200.jpg\" alt=\"IMG_7665\" width=\"300\" height=\"200\" srcset=\"https:\/\/www.atleticaaviano.it\/wp-content\/uploads\/2016\/05\/IMG_7665-300x200.jpg 300w, https:\/\/www.atleticaaviano.it\/wp-content\/uploads\/2016\/05\/IMG_7665-768x512.jpg 768w, https:\/\/www.atleticaaviano.it\/wp-content\/uploads\/2016\/05\/IMG_7665-1024x683.jpg 1024w, https:\/\/www.atleticaaviano.it\/wp-content\/uploads\/2016\/05\/IMG_7665-177x118.jpg 177w\" sizes=\"(max-width: 300px) 100vw, 300px\" \/><img loading=\"lazy\" decoding=\"async\" class=\"alignnone size-medium wp-image-519\" src=\"http:\/\/atleticaaviano.maso.it\/wp-content\/uploads\/2016\/05\/IMG_7680-300x200.jpg\" alt=\"IMG_7680\" width=\"300\" height=\"200\" srcset=\"https:\/\/www.atleticaaviano.it\/wp-content\/uploads\/2016\/05\/IMG_7680-300x200.jpg 300w, https:\/\/www.atleticaaviano.it\/wp-content\/uploads\/2016\/05\/IMG_7680-768x512.jpg 768w, https:\/\/www.atleticaaviano.it\/wp-content\/uploads\/2016\/05\/IMG_7680-1024x683.jpg 1024w, https:\/\/www.atleticaaviano.it\/wp-content\/uploads\/2016\/05\/IMG_7680-177x118.jpg 177w\" sizes=\"(max-width: 300px) 100vw, 300px\" \/><\/p>\n","protected":false},"excerpt":{"rendered":"<p>A.S.D. ATLETICA AVIANO \/ SETTORE GIOVANILE PROMOZIONALE DOVE : NUOVO IMPIANTO DI ATLETICA LEGGERA via STRETTA GIORNI: LUNEDI&#8217; \/ MERCOLEDI&#8217;[&#8230;]<\/p>\n","protected":false},"author":2,"featured_media":0,"parent":0,"menu_order":0,"comment_status":"closed","ping_status":"closed","template":"","meta":{"footnotes":""},"_links":{"self":[{"href":"https:\/\/www.atleticaaviano.it\/index.php\/wp-json\/wp\/v2\/pages\/59"}],"collection":[{"href":"https:\/\/www.atleticaaviano.it\/index.php\/wp-json\/wp\/v2\/pages"}],"about":[{"href":"https:\/\/www.atleticaaviano.it\/index.php\/wp-json\/wp\/v2\/types\/page"}],"author":[{"embeddable":true,"href":"https:\/\/www.atleticaaviano.it\/index.php\/wp-json\/wp\/v2\/users\/2"}],"replies":[{"embeddable":true,"href":"https:\/\/www.atleticaaviano.it\/index.php\/wp-json\/wp\/v2\/comments?post=59"}],"version-history":[{"count":24,"href":"https:\/\/www.atleticaaviano.it\/index.php\/wp-json\/wp\/v2\/pages\/59\/revisions"}],"predecessor-version":[{"id":770,"href":"https:\/\/www.atleticaaviano.it\/index.php\/wp-json\/wp\/v2\/pages\/59\/revisions\/770"}],"wp:attachment":[{"href":"https:\/\/www.atleticaaviano.it\/index.php\/wp-json\/wp\/v2\/media?parent=59"}],"curies":[{"name":"wp","href":"https:\/\/api.w.org\/{rel}","templated":true}]}}